{"id":6,"date":"2016-05-18T16:37:42","date_gmt":"2016-05-18T15:37:42","guid":{"rendered":"https:\/\/www.mcttdemenagement.ch\/?page_id=6"},"modified":"2023-12-04T10:33:28","modified_gmt":"2023-12-04T09:33:28","slug":"demenageur","status":"publish","type":"page","link":"https:\/\/www.mcttdemenagement.ch\/","title":{"rendered":"Mctt d\u00e9m\u00e9nagement un d\u00e9m\u00e9nageur Suisse"},"content":{"rendered":"<div class=\"wp-block-image\">\n<figure class=\"alignright\"><img loading=\"lazy\" decoding=\"async\" width=\"300\" height=\"162\" src=\"https:\/\/www.mcttdemenagement.ch\/wp-content\/uploads\/2016\/05\/3.jpeg-300x162.jpg\" alt=\"3.jpeg\" class=\"wp-image-12\" srcset=\"https:\/\/www.mcttdemenagement.ch\/wp-content\/uploads\/2016\/05\/3.jpeg-300x162.jpg 300w, https:\/\/www.mcttdemenagement.ch\/wp-content\/uploads\/2016\/05\/3.jpeg.jpg 306w\" sizes=\"auto, (max-width: 300px) 100vw, 300px\" \/><\/figure><\/div>\n\n\n<p>Pour un d\u00e9m\u00e9nagement dans les temps et dans les normes, il est pratiquement important de r\u00e9aliser un devis de d\u00e9m\u00e9nagement qui est offert gratuitement pour certaines agences de d\u00e9m\u00e9nagement.<\/p>\n\n\n\n<p>En g\u00e9n\u00e9ral, il existe deux moyens pour effectuer un <a href=\"https:\/\/www.demenageur.com\/devis-demenagement\/\">d\u00e9m\u00e9nagement<\/a>. Soit la personne le r\u00e9alise elle-m\u00eame, soit elle fait appel \u00e0 des professionnels de d\u00e9m\u00e9nagement. Dans la premi\u00e8re, la personne doit ex\u00e9cuter toutes les t\u00e2ches par ses propres moyens. Elle doit s\u2019occuper de la d\u00e9sinstallation et de l\u2019emballage des affaires dans les. Elle doit transporter ces biens hors de la maison actuelle vers le v\u00e9hicule de d\u00e9m\u00e9nagement. Par la suite, il doit conduire ce dernier vers la nouvelle maison. Une fois l\u00e0-bas, il doit encore d\u00e9baller ces cartons et de r\u00e9tablir tous les mat\u00e9riels qui n\u00e9cessite d\u2019une installation. Par contre pour le second type, la personne ne s\u2019occupe que de peu. C\u2019est le d\u00e9m\u00e9nageur qui s\u2019assure de la r\u00e9alisation de toutes les t\u00e2ches reli\u00e9es au d\u00e9m\u00e9nagement. Il emballe les affaires d\u00e9licatement dans les cartons de d\u00e9m\u00e9nagement. Il \u00e9vacue la totalit\u00e9 de ces cartons vers la voiture de d\u00e9m\u00e9nagement et les ranges dans celle-ci. Ce m\u00eame d\u00e9m\u00e9nageur conduit la voiture pour se rendre vers le futur domicile. Comme on peut le constater, la premi\u00e8re option est un challenge extr\u00eame. Il n\u2019y a aucune assurance sue les affaires arrivent bien s\u00fbr place sans avoir subi un d\u00e9g\u00e2t.<\/p>\n\n\n\n<h2 class=\"wp-block-heading\">Qu\u2019est \u2013 ce qui pousse les gens \u00e0 d\u00e9m\u00e9nager ?<\/h2>\n\n\n\n<p>Nombreuse raison peuvent \u00eatre \u00e0 la source d\u2019un d\u00e9m\u00e9nagement , ils peuvent personnel ou professionnel ou m\u00eame les deux en m\u00eame temps. La premi\u00e8re raison regroupe le loyer non pay\u00e9, les conflits d\u2019id\u00e9e et la croissance de la famille. Quand une famille n\u2019arrive pas \u00e0 payer leur loyer, elle est bien oblig\u00e9e de trouver un habitat convenant \u00e0 leur moyen. Pour ce qui est des conflits d\u2019id\u00e9e, les membres de la famille sont en d\u00e9saccord entre d\u2019autres familles ou m\u00eame entre eux. Elle se trouve dans l\u2019obligation de se s\u00e9parer de domicile et d\u2019\u00eatre bien loin les unes des autres. Parce que la famille vient d\u2019accueillir un nouveau venu, mais que les chambres ne peuvent plus contenir l\u2019ensemble de la famille. Cette derni\u00e8re doit donc trouver un domicile encore plus grand que celui actuel pour pouvoir continuer normalement leur quotidien. La seconde raison par contre r\u00e9unit les causes professionnelles comme le travail, l\u2019expatriation. Dans l\u2019\u00e9ventualit\u00e9 o\u00f9 la personne en question a re\u00e7u une promotion, elle doit imp\u00e9rativement se rendre dans un autre lieu afin de pouvoir profiter de cette derni\u00e8re. Ce lieu peut bien \u00eatre dans le m\u00eame d\u00e9partement, dans la m\u00eame ville ou dans le m\u00eame pays. Le contraire peut aussi se produire, une nouvelle ville voire m\u00eame sur un autre continent. Dans le cas o\u00f9 la personne subit une expatriation parce qu\u2019elle a \u00e9t\u00e9 ajourn\u00e9e. Mais dans toutes ces situations, il est bien pr\u00e9f\u00e9rable de faire appel \u00e0 des d\u00e9m\u00e9nageurs. Ces derniers sont tout \u00e0 fait aptes \u00e0 subvenir \u00e0 vos besoins concernant le d\u00e9m\u00e9nagement. Ils garantissent le meilleur \u00e9tat pour toutes les affaires \u00e0 d\u00e9m\u00e9nager.<\/p>\n\n\n\n<h2 class=\"wp-block-heading\">Comment mener \u00e0 bien un d\u00e9m\u00e9nagement<\/h2>\n\n\n\n<p>Afin d\u2019assurer la bonne r\u00e9alisation d\u2019un d\u00e9m\u00e9nagement, il est important de bien l\u2019organiser pour \u00eatre mieux pr\u00e9par\u00e9 devant lui. Pour cela, il est primordial de bien choisir la date de d\u00e9m\u00e9nagement. Il faut \u00e9viter les jours festifs comme les fins de vacances, la semaine de la f\u00eate de No\u00ebl ou encore la semaine de la f\u00eate nationale. Pendant ces p\u00e9riodes, la circulation est tellement encombrante. Dans le cas o\u00f9 c\u2019est la personne qui veut d\u00e9m\u00e9nager veut elle-m\u00eame conduire le v\u00e9hicule de d\u00e9m\u00e9nagement, il est important qu\u2019elle ait dans ses poches les papiers qui lui permettent de conduire la voiture en question. Dans l\u2019\u00e9ventualit\u00e9 o\u00f9 celle-ci d\u00e9cide de faire appel aux services des d\u00e9m\u00e9nageurs, elle doit se rendre aupr\u00e8s de diff\u00e9rente agence afin de comparer le prix g\u00e9n\u00e9ral du d\u00e9m\u00e9nagement. Elle doit \u00e9galement se garantir que l\u2019agence du d\u00e9m\u00e9nageur qu\u2019elle a choisi est compl\u00e8tement assur\u00e9e. Ceci fait c\u2019est pur \u00e9viter toute sorte de confusion qui peut se pr\u00e9senter durant le d\u00e9m\u00e9nagement proprement dit. En dehors de cela, la personne doit demander \u00e0 son agent le devis de d\u00e9m\u00e9nagement qui d\u00e9termine le co\u00fbt total de ce dernier. Ce devis doit contenir les tarifs horaires du d\u00e9m\u00e9nagement et les t\u00e2ches qu\u2019il va effectuer chez le client.<\/p>\n","protected":false},"excerpt":{"rendered":"<p>Pour un d\u00e9m\u00e9nagement dans les temps et dans les normes, il est pratiquement important de r\u00e9aliser un devis de d\u00e9m\u00e9nagement qui est offert gratuitement pour certaines agences de d\u00e9m\u00e9nagement. En g\u00e9n\u00e9ral, il existe deux moyens &hellip; <a href=\"https:\/\/www.mcttdemenagement.ch\/\" class=\"more-link\">Lire la suite <span class=\"screen-reader-text\">Mctt d\u00e9m\u00e9nagement un d\u00e9m\u00e9nageur Suisse<\/span> <span class=\"meta-nav\">&rarr;<\/span><\/a><\/p>\n","protected":false},"author":1,"featured_media":0,"parent":0,"menu_order":0,"comment_status":"closed","ping_status":"closed","template":"page-templates\/template-full-width.php","meta":{"_seopress_robots_primary_cat":"","_seopress_titles_title":"","_seopress_titles_desc":"","_seopress_robots_index":"","footnotes":""},"class_list":["post-6","page","type-page","status-publish","hentry"],"_links":{"self":[{"href":"https:\/\/www.mcttdemenagement.ch\/index.php\/wp-json\/wp\/v2\/pages\/6","targetHints":{"allow":["GET"]}}],"collection":[{"href":"https:\/\/www.mcttdemenagement.ch\/index.php\/wp-json\/wp\/v2\/pages"}],"about":[{"href":"https:\/\/www.mcttdemenagement.ch\/index.php\/wp-json\/wp\/v2\/types\/page"}],"author":[{"embeddable":true,"href":"https:\/\/www.mcttdemenagement.ch\/index.php\/wp-json\/wp\/v2\/users\/1"}],"replies":[{"embeddable":true,"href":"https:\/\/www.mcttdemenagement.ch\/index.php\/wp-json\/wp\/v2\/comments?post=6"}],"version-history":[{"count":8,"href":"https:\/\/www.mcttdemenagement.ch\/index.php\/wp-json\/wp\/v2\/pages\/6\/revisions"}],"predecessor-version":[{"id":22,"href":"https:\/\/www.mcttdemenagement.ch\/index.php\/wp-json\/wp\/v2\/pages\/6\/revisions\/22"}],"wp:attachment":[{"href":"https:\/\/www.mcttdemenagement.ch\/index.php\/wp-json\/wp\/v2\/media?parent=6"}],"curies":[{"name":"wp","href":"https:\/\/api.w.org\/{rel}","templated":true}]}}